{"id":4671,"date":"2023-02-12T18:54:48","date_gmt":"2023-02-12T18:54:48","guid":{"rendered":"https:\/\/etorkintza.org\/historia\/"},"modified":"2023-02-12T18:54:48","modified_gmt":"2023-02-12T18:54:48","slug":"historia","status":"publish","type":"page","link":"https:\/\/etorkintza.org\/eu\/historia\/","title":{"rendered":"Historia"},"content":{"rendered":"\t\t<div data-elementor-type=\"wp-page\" data-elementor-id=\"4671\" class=\"elementor elementor-4671\" data-elementor-post-type=\"page\">\n\t\t\t\t\t\t<section class=\"elementor-section elementor-top-section elementor-element elementor-element-da27f8f elementor-section-boxed elementor-section-height-default elementor-section-height-default\" data-id=\"da27f8f\" data-element_type=\"section\" data-e-type=\"section\">\n\t\t\t\t\t\t<div class=\"elementor-container elementor-column-gap-default\">\n\t\t\t\t\t<div class=\"elementor-column elementor-col-100 elementor-top-column elementor-element elementor-element-3dcdfcb\" data-id=\"3dcdfcb\" data-element_type=\"column\" data-e-type=\"column\">\n\t\t\t<div class=\"elementor-widget-wrap\">\n\t\t\t\t\t\t\t<\/div>\n\t\t<\/div>\n\t\t\t\t\t<\/div>\n\t\t<\/section>\n\t\t\t\t<section class=\"elementor-section elementor-top-section elementor-element elementor-element-4e43990 elementor-section-boxed elementor-section-height-default elementor-section-height-default\" data-id=\"4e43990\" data-element_type=\"section\" data-e-type=\"section\">\n\t\t\t\t\t\t<div class=\"elementor-container elementor-column-gap-default\">\n\t\t\t\t\t<div class=\"elementor-column elementor-col-100 elementor-top-column elementor-element elementor-element-6597567\" data-id=\"6597567\" data-element_type=\"column\" data-e-type=\"column\">\n\t\t\t<div class=\"elementor-widget-wrap elementor-element-populated\">\n\t\t\t\t\t\t<div class=\"elementor-element elementor-element-79d6afb elementor-widget elementor-widget-spacer\" data-id=\"79d6afb\" data-element_type=\"widget\" data-e-type=\"widget\" data-widget_type=\"spacer.default\">\n\t\t\t\t<div class=\"elementor-widget-container\">\n\t\t\t\t\t\t\t<div class=\"elementor-spacer\">\n\t\t\t<div class=\"elementor-spacer-inner\"><\/div>\n\t\t<\/div>\n\t\t\t\t\t\t<\/div>\n\t\t\t\t<\/div>\n\t\t\t\t\t<\/div>\n\t\t<\/div>\n\t\t\t\t\t<\/div>\n\t\t<\/section>\n\t\t\t\t<\/div>\n\t\t","protected":false},"excerpt":{"rendered":"<p>2022 2022 2022 Se configura la nueva \u00e1rea de asesoramiento y consultor\u00eda para poner en valor nuestro conocimiento. La Fundaci\u00f3n Etorkintza asume la Presidencia de la nueva asociaci\u00f3n UNAD EUSKADI. Nuevo Convenio Andr\u00e9s Aya Go\u00f1i, con incidencia en el acompa\u00f1amiento comunitario 2021 2021 2021 2020-2024 reconocimiento \u201cElkar Eginez\u201d a la trayectoria profesional en el \u00e1mbito [&hellip;]<\/p>\n","protected":false},"author":2,"featured_media":0,"parent":0,"menu_order":0,"comment_status":"closed","ping_status":"closed","template":"elementor_header_footer","meta":{"give_campaign_id":0,"footnotes":""},"class_list":["post-4671","page","type-page","status-publish","hentry"],"campaignId":"","_links":{"self":[{"href":"https:\/\/etorkintza.org\/eu\/wp-json\/wp\/v2\/pages\/4671","targetHints":{"allow":["GET"]}}],"collection":[{"href":"https:\/\/etorkintza.org\/eu\/wp-json\/wp\/v2\/pages"}],"about":[{"href":"https:\/\/etorkintza.org\/eu\/wp-json\/wp\/v2\/types\/page"}],"author":[{"embeddable":true,"href":"https:\/\/etorkintza.org\/eu\/wp-json\/wp\/v2\/users\/2"}],"replies":[{"embeddable":true,"href":"https:\/\/etorkintza.org\/eu\/wp-json\/wp\/v2\/comments?post=4671"}],"version-history":[{"count":0,"href":"https:\/\/etorkintza.org\/eu\/wp-json\/wp\/v2\/pages\/4671\/revisions"}],"wp:attachment":[{"href":"https:\/\/etorkintza.org\/eu\/wp-json\/wp\/v2\/media?parent=4671"}],"curies":[{"name":"wp","href":"https:\/\/api.w.org\/{rel}","templated":true}]}}